{"id":2428,"date":"2021-07-01T10:00:09","date_gmt":"2021-07-01T08:00:09","guid":{"rendered":"http:\/\/mavitecenvironmental.com\/?page_id=2428"},"modified":"2022-03-21T10:12:33","modified_gmt":"2022-03-21T09:12:33","slug":"service","status":"publish","type":"page","link":"https:\/\/mavitecenvironmental.com\/pt\/service\/","title":{"rendered":"Servi\u00e7o"},"content":{"rendered":"<div data-elementor-type=\"wp-page\" data-elementor-id=\"2428\" class=\"elementor elementor-2428\" data-elementor-post-type=\"page\">\n\t\t\t\t\t\t<section data-dce-background-image-url=\"https:\/\/mavitecenvironmental.com\/wp-content\/uploads\/2021\/08\/asdfasdfjal.jpg\" class=\"elementor-section elementor-top-section elementor-element elementor-element-a7c1480 elementor-section-height-min-height elementor-section-boxed elementor-section-height-default elementor-section-items-middle\" data-id=\"a7c1480\" data-element_type=\"section\" data-e-type=\"section\" data-settings=\"{&quot;background_background&quot;:&quot;classic&quot;}\">\n\t\t\t\t\t\t<div class=\"elementor-container elementor-column-gap-default\">\n\t\t\t\t\t<div class=\"elementor-column elementor-col-100 elementor-top-column elementor-element elementor-element-cc969ef\" data-id=\"cc969ef\" data-element_type=\"column\" data-e-type=\"column\">\n\t\t\t<div class=\"elementor-widget-wrap elementor-element-populated\">\n\t\t\t\t\t\t<div class=\"elementor-element elementor-element-8585973 elementor-hidden-desktop elementor-hidden-tablet elementor-widget elementor-widget-heading\" data-id=\"8585973\" data-element_type=\"widget\" data-e-type=\"widget\" data-widget_type=\"heading.default\">\n\t\t\t\t<div class=\"elementor-widget-container\">\n\t\t\t\t\t<h2 class=\"elementor-heading-title elementor-size-default\">Servi\u00e7o<\/h2>\t\t\t\t<\/div>\n\t\t\t\t<\/div>\n\t\t\t\t\t<\/div>\n\t\t<\/div>\n\t\t\t\t\t<\/div>\n\t\t<\/section>\n\t\t\t\t<section class=\"elementor-section elementor-top-section elementor-element elementor-element-64c6d9f elementor-hidden-phone elementor-section-boxed elementor-section-height-default elementor-section-height-default\" data-id=\"64c6d9f\" data-element_type=\"section\" data-e-type=\"section\">\n\t\t\t\t\t\t<div class=\"elementor-container elementor-column-gap-default\">\n\t\t\t\t\t<div class=\"elementor-column elementor-col-100 elementor-top-column elementor-element elementor-element-910d8bd\" data-id=\"910d8bd\" data-element_type=\"column\" data-e-type=\"column\">\n\t\t\t<div class=\"elementor-widget-wrap elementor-element-populated\">\n\t\t\t\t\t\t<div data-dce-title-color=\"#2E3532\" class=\"elementor-element elementor-element-0b040ff elementor-widget__width-auto elementor-widget elementor-widget-heading\" data-id=\"0b040ff\" data-element_type=\"widget\" data-e-type=\"widget\" data-widget_type=\"heading.default\">\n\t\t\t\t<div class=\"elementor-widget-container\">\n\t\t\t\t\t<h2 class=\"elementor-heading-title elementor-size-default\">Servi\u00e7o<\/h2>\t\t\t\t<\/div>\n\t\t\t\t<\/div>\n\t\t\t\t\t<\/div>\n\t\t<\/div>\n\t\t\t\t\t<\/div>\n\t\t<\/section>\n\t\t\t\t<section class=\"elementor-section elementor-top-section elementor-element elementor-element-7da24b4 elementor-section-boxed elementor-section-height-default elementor-section-height-default\" data-id=\"7da24b4\" data-element_type=\"section\" data-e-type=\"section\">\n\t\t\t\t\t\t<div class=\"elementor-container elementor-column-gap-default\">\n\t\t\t\t\t<div class=\"elementor-column elementor-col-100 elementor-top-column elementor-element elementor-element-46adfa3\" data-id=\"46adfa3\" data-element_type=\"column\" data-e-type=\"column\">\n\t\t\t<div class=\"elementor-widget-wrap elementor-element-populated\">\n\t\t\t\t\t\t<div data-dce-title-color=\"#2E3532\" class=\"elementor-element elementor-element-a572f24 elementor-widget elementor-widget-heading\" data-id=\"a572f24\" data-element_type=\"widget\" data-e-type=\"widget\" data-widget_type=\"heading.default\">\n\t\t\t\t<div class=\"elementor-widget-container\">\n\t\t\t\t\t<h2 class=\"elementor-heading-title elementor-size-default\">Manuten\u00e7\u00e3o preventiva e melhoria de processos<\/h2>\t\t\t\t<\/div>\n\t\t\t\t<\/div>\n\t\t\t\t<div class=\"elementor-element elementor-element-20af738 elementor-widget elementor-widget-heading\" data-id=\"20af738\" data-element_type=\"widget\" data-e-type=\"widget\" data-widget_type=\"heading.default\">\n\t\t\t\t<div class=\"elementor-widget-container\">\n\t\t\t\t\t<h3 class=\"elementor-heading-title elementor-size-default\">Servi\u00e7o e assist\u00eancia<\/h3>\t\t\t\t<\/div>\n\t\t\t\t<\/div>\n\t\t\t\t<div class=\"elementor-element elementor-element-4e4e916 elementor-widget elementor-widget-text-editor\" data-id=\"4e4e916\" data-element_type=\"widget\" data-e-type=\"widget\" data-widget_type=\"text-editor.default\">\n\t\t\t\t<div class=\"elementor-widget-container\">\n\t\t\t\t\t\t\t\t\t<p>O Servi\u00e7o P\u00f3s-Venda Mavitec oferece manuten\u00e7\u00e3o preventiva e otimiza\u00e7\u00e3o de processos de forma a minimizar o tempo de inatividade, reduzir custos gerais e garantir produtos finais de melhor qualidade com melhor giro.<\/p><p>Nossos engenheiros de servi\u00e7o conduzem inspe\u00e7\u00f5es regularmente e fornecem um relat\u00f3rio completo com descobertas e recomenda\u00e7\u00f5es. Combinamos profundo conhecimento dos processos e t\u00e9cnicas para realizar a melhoria do processo, a qualidade ideal do produto e a mais alta efici\u00eancia da linha.<\/p><p>Os locais de servi\u00e7o em todo o mundo atendem aos clientes localmente e em curto prazo para garantir suporte r\u00e1pido, tempos de viagem reduzidos e suporte nos idiomas locais. Com d\u00e9cadas de experi\u00eancia em otimiza\u00e7\u00e3o de processos, pe\u00e7as sobressalentes de m\u00e1quinas, revis\u00e3o, revis\u00f5es e melhorias, podemos tornar sua f\u00e1brica mais lucrativa.<\/p><p>Nossas equipes de servi\u00e7o tamb\u00e9m podem ajudar com trabalhos de instala\u00e7\u00e3o e projetos turnkey.<\/p>\t\t\t\t\t\t\t\t<\/div>\n\t\t\t\t<\/div>\n\t\t\t\t<div class=\"elementor-element elementor-element-580a43f elementor-widget elementor-widget-heading\" data-id=\"580a43f\" data-element_type=\"widget\" data-e-type=\"widget\" data-widget_type=\"heading.default\">\n\t\t\t\t<div class=\"elementor-widget-container\">\n\t\t\t\t\t<h3 class=\"elementor-heading-title elementor-size-default\">Pacotes de servi\u00e7o<\/h3>\t\t\t\t<\/div>\n\t\t\t\t<\/div>\n\t\t\t\t<div class=\"elementor-element elementor-element-1c848f2 elementor-widget elementor-widget-text-editor\" data-id=\"1c848f2\" data-element_type=\"widget\" data-e-type=\"widget\" data-widget_type=\"text-editor.default\">\n\t\t\t\t<div class=\"elementor-widget-container\">\n\t\t\t\t\t\t\t\t\t<p>A manuten\u00e7\u00e3o \u00e9 importante para garantir a continuidade da instala\u00e7\u00e3o, mas muitas vezes representa uma grande parte dos custos operacionais. A Mavitec oferece v\u00e1rios pacotes de servi\u00e7os que minimizam o tempo de inatividade desnecess\u00e1rio. Com isso, voc\u00ea pode aumentar a confiabilidade operacional e obter o m\u00e1ximo retorno.<\/p>\t\t\t\t\t\t\t\t<\/div>\n\t\t\t\t<\/div>\n\t\t\t\t<div class=\"elementor-element elementor-element-472766c elementor-widget elementor-widget-heading\" data-id=\"472766c\" data-element_type=\"widget\" data-e-type=\"widget\" data-widget_type=\"heading.default\">\n\t\t\t\t<div class=\"elementor-widget-container\">\n\t\t\t\t\t<h3 class=\"elementor-heading-title elementor-size-default\">Vantagens do servi\u00e7o Mavitec<\/h3>\t\t\t\t<\/div>\n\t\t\t\t<\/div>\n\t\t\t\t<div class=\"elementor-element elementor-element-5f7264c elementor-widget elementor-widget-text-editor\" data-id=\"5f7264c\" data-element_type=\"widget\" data-e-type=\"widget\" data-widget_type=\"text-editor.default\">\n\t\t\t\t<div class=\"elementor-widget-container\">\n\t\t\t\t\t\t\t\t\t<ul><li>Tempo de atividade m\u00e1ximo<\/li><li>Maior capacidade<\/li><li>Continuidade<\/li><li>Custos operacionais mais baixos<\/li><li>Produtos finais de alta qualidade<\/li><li>Maior lucro<\/li><\/ul><p>A Mavitec oferece um servi\u00e7o com o qual voc\u00ea pode contar.<\/p><p>Interessado em um pacote de servi\u00e7os ambientais da Mavitec?<\/p><p>Sinta-se \u00e0 vontade para nos contatar<\/p>\t\t\t\t\t\t\t\t<\/div>\n\t\t\t\t<\/div>\n\t\t\t\t<div data-dce-text-color=\"#7FB662\" class=\"elementor-element elementor-element-df51ad6 elementor-icon-list--layout-traditional elementor-list-item-link-full_width elementor-widget elementor-widget-icon-list\" data-id=\"df51ad6\" data-element_type=\"widget\" data-e-type=\"widget\" data-widget_type=\"icon-list.default\">\n\t\t\t\t<div class=\"elementor-widget-container\">\n\t\t\t\t\t\t\t<ul class=\"elementor-icon-list-items\">\n\t\t\t\t\t\t\t<li class=\"elementor-icon-list-item\">\n\t\t\t\t\t\t\t\t\t\t\t<a href=\"tel:+3172%20574%2059%2088\">\n\n\t\t\t\t\t\t\t\t\t\t\t<span class=\"elementor-icon-list-text\">+31 (0)72 574 59 88<\/span>\n\t\t\t\t\t\t\t\t\t\t\t<\/a>\n\t\t\t\t\t\t\t\t\t<\/li>\n\t\t\t\t\t\t\t\t<li class=\"elementor-icon-list-item\">\n\t\t\t\t\t\t\t\t\t\t\t<a href=\"mailto:service@mavitec.com\">\n\n\t\t\t\t\t\t\t\t\t\t\t<span class=\"elementor-icon-list-text\">service@mavitec.com<\/span>\n\t\t\t\t\t\t\t\t\t\t\t<\/a>\n\t\t\t\t\t\t\t\t\t<\/li>\n\t\t\t\t\t\t<\/ul>\n\t\t\t\t\t\t<\/div>\n\t\t\t\t<\/div>\n\t\t\t\t\t<\/div>\n\t\t<\/div>\n\t\t\t\t\t<\/div>\n\t\t<\/section>\n\t\t\t\t<\/div>","protected":false},"excerpt":{"rendered":"<p>Preventive maintenance &amp; process improvement Service &amp; Assistance Mavitec After Sales Service offers preventive maintenance and process optimization in order to minimize downtime, reduce overall costs and ensure the best quality end-products with a better turnover as a result. Our service engineers conduct inspections on a regular basis and provide a full report with findings [&hellip;]<\/p>\n","protected":false},"author":1,"featured_media":0,"parent":0,"menu_order":0,"comment_status":"closed","ping_status":"closed","template":"","meta":{"_acf_changed":false,"footnotes":""},"class_list":["post-2428","page","type-page","status-publish","hentry"],"acf":[],"_links":{"self":[{"href":"https:\/\/mavitecenvironmental.com\/pt\/wp-json\/wp\/v2\/pages\/2428","targetHints":{"allow":["GET"]}}],"collection":[{"href":"https:\/\/mavitecenvironmental.com\/pt\/wp-json\/wp\/v2\/pages"}],"about":[{"href":"https:\/\/mavitecenvironmental.com\/pt\/wp-json\/wp\/v2\/types\/page"}],"author":[{"embeddable":true,"href":"https:\/\/mavitecenvironmental.com\/pt\/wp-json\/wp\/v2\/users\/1"}],"replies":[{"embeddable":true,"href":"https:\/\/mavitecenvironmental.com\/pt\/wp-json\/wp\/v2\/comments?post=2428"}],"version-history":[{"count":4,"href":"https:\/\/mavitecenvironmental.com\/pt\/wp-json\/wp\/v2\/pages\/2428\/revisions"}],"predecessor-version":[{"id":4746,"href":"https:\/\/mavitecenvironmental.com\/pt\/wp-json\/wp\/v2\/pages\/2428\/revisions\/4746"}],"wp:attachment":[{"href":"https:\/\/mavitecenvironmental.com\/pt\/wp-json\/wp\/v2\/media?parent=2428"}],"curies":[{"name":"wp","href":"https:\/\/api.w.org\/{rel}","templated":true}]}}