{"id":2428,"date":"2021-07-01T10:00:09","date_gmt":"2021-07-01T08:00:09","guid":{"rendered":"http:\/\/mavitecenvironmental.com\/?page_id=2428"},"modified":"2022-03-21T10:12:33","modified_gmt":"2022-03-21T09:12:33","slug":"service","status":"publish","type":"page","link":"https:\/\/mavitecenvironmental.com\/fr\/service\/","title":{"rendered":"Service"},"content":{"rendered":"<div data-elementor-type=\"wp-page\" data-elementor-id=\"2428\" class=\"elementor elementor-2428\" data-elementor-post-type=\"page\">\n\t\t\t\t\t\t<section data-dce-background-image-url=\"https:\/\/mavitecenvironmental.com\/wp-content\/uploads\/2021\/08\/asdfasdfjal.jpg\" class=\"elementor-section elementor-top-section elementor-element elementor-element-a7c1480 elementor-section-height-min-height elementor-section-boxed elementor-section-height-default elementor-section-items-middle\" data-id=\"a7c1480\" data-element_type=\"section\" data-e-type=\"section\" data-settings=\"{&quot;background_background&quot;:&quot;classic&quot;}\">\n\t\t\t\t\t\t<div class=\"elementor-container elementor-column-gap-default\">\n\t\t\t\t\t<div class=\"elementor-column elementor-col-100 elementor-top-column elementor-element elementor-element-cc969ef\" data-id=\"cc969ef\" data-element_type=\"column\" data-e-type=\"column\">\n\t\t\t<div class=\"elementor-widget-wrap elementor-element-populated\">\n\t\t\t\t\t\t<div class=\"elementor-element elementor-element-8585973 elementor-hidden-desktop elementor-hidden-tablet elementor-widget elementor-widget-heading\" data-id=\"8585973\" data-element_type=\"widget\" data-e-type=\"widget\" data-widget_type=\"heading.default\">\n\t\t\t\t<div class=\"elementor-widget-container\">\n\t\t\t\t\t<h2 class=\"elementor-heading-title elementor-size-default\">Service<\/h2>\t\t\t\t<\/div>\n\t\t\t\t<\/div>\n\t\t\t\t\t<\/div>\n\t\t<\/div>\n\t\t\t\t\t<\/div>\n\t\t<\/section>\n\t\t\t\t<section class=\"elementor-section elementor-top-section elementor-element elementor-element-64c6d9f elementor-hidden-phone elementor-section-boxed elementor-section-height-default elementor-section-height-default\" data-id=\"64c6d9f\" data-element_type=\"section\" data-e-type=\"section\">\n\t\t\t\t\t\t<div class=\"elementor-container elementor-column-gap-default\">\n\t\t\t\t\t<div class=\"elementor-column elementor-col-100 elementor-top-column elementor-element elementor-element-910d8bd\" data-id=\"910d8bd\" data-element_type=\"column\" data-e-type=\"column\">\n\t\t\t<div class=\"elementor-widget-wrap elementor-element-populated\">\n\t\t\t\t\t\t<div data-dce-title-color=\"#2E3532\" class=\"elementor-element elementor-element-0b040ff elementor-widget__width-auto elementor-widget elementor-widget-heading\" data-id=\"0b040ff\" data-element_type=\"widget\" data-e-type=\"widget\" data-widget_type=\"heading.default\">\n\t\t\t\t<div class=\"elementor-widget-container\">\n\t\t\t\t\t<h2 class=\"elementor-heading-title elementor-size-default\">Service<\/h2>\t\t\t\t<\/div>\n\t\t\t\t<\/div>\n\t\t\t\t\t<\/div>\n\t\t<\/div>\n\t\t\t\t\t<\/div>\n\t\t<\/section>\n\t\t\t\t<section class=\"elementor-section elementor-top-section elementor-element elementor-element-7da24b4 elementor-section-boxed elementor-section-height-default elementor-section-height-default\" data-id=\"7da24b4\" data-element_type=\"section\" data-e-type=\"section\">\n\t\t\t\t\t\t<div class=\"elementor-container elementor-column-gap-default\">\n\t\t\t\t\t<div class=\"elementor-column elementor-col-100 elementor-top-column elementor-element elementor-element-46adfa3\" data-id=\"46adfa3\" data-element_type=\"column\" data-e-type=\"column\">\n\t\t\t<div class=\"elementor-widget-wrap elementor-element-populated\">\n\t\t\t\t\t\t<div data-dce-title-color=\"#2E3532\" class=\"elementor-element elementor-element-a572f24 elementor-widget elementor-widget-heading\" data-id=\"a572f24\" data-element_type=\"widget\" data-e-type=\"widget\" data-widget_type=\"heading.default\">\n\t\t\t\t<div class=\"elementor-widget-container\">\n\t\t\t\t\t<h2 class=\"elementor-heading-title elementor-size-default\">Maintenance pr\u00e9ventive et am\u00e9lioration des processus<\/h2>\t\t\t\t<\/div>\n\t\t\t\t<\/div>\n\t\t\t\t<div class=\"elementor-element elementor-element-20af738 elementor-widget elementor-widget-heading\" data-id=\"20af738\" data-element_type=\"widget\" data-e-type=\"widget\" data-widget_type=\"heading.default\">\n\t\t\t\t<div class=\"elementor-widget-container\">\n\t\t\t\t\t<h3 class=\"elementor-heading-title elementor-size-default\">Service et assistance<\/h3>\t\t\t\t<\/div>\n\t\t\t\t<\/div>\n\t\t\t\t<div class=\"elementor-element elementor-element-4e4e916 elementor-widget elementor-widget-text-editor\" data-id=\"4e4e916\" data-element_type=\"widget\" data-e-type=\"widget\" data-widget_type=\"text-editor.default\">\n\t\t\t\t<div class=\"elementor-widget-container\">\n\t\t\t\t\t\t\t\t\t<p>Le service apr\u00e8s-vente Mavitec propose une maintenance pr\u00e9ventive et une optimisation des processus afin de minimiser les temps d&#039;arr\u00eat, de r\u00e9duire les co\u00fbts globaux et de garantir des produits finaux de la meilleure qualit\u00e9 avec un meilleur chiffre d&#039;affaires.<\/p><p>Nos ing\u00e9nieurs de service effectuent des inspections sur une base r\u00e9guli\u00e8re et fournissent un rapport complet avec des conclusions et des recommandations. Nous combinons une connaissance approfondie des processus et des techniques pour r\u00e9aliser une am\u00e9lioration des processus, une qualit\u00e9 de produit optimale et une efficacit\u00e9 de ligne la plus \u00e9lev\u00e9e.<\/p><p>Les points de service partout dans le monde servent les clients localement et \u00e0 court pr\u00e9avis pour assurer une assistance rapide, des temps de d\u00e9placement r\u00e9duits et une assistance dans les langues locales. Avec des d\u00e9cennies d&#039;exp\u00e9rience dans l&#039;optimisation des processus, les pi\u00e8ces de rechange des machines, la r\u00e9vision, les r\u00e9visions et les am\u00e9liorations, nous pouvons rendre votre usine plus rentable.<\/p><p>Nos \u00e9quipes de service sont \u00e9galement en mesure d&#039;assister les travaux d&#039;installation et les projets cl\u00e9 en main.<\/p>\t\t\t\t\t\t\t\t<\/div>\n\t\t\t\t<\/div>\n\t\t\t\t<div class=\"elementor-element elementor-element-580a43f elementor-widget elementor-widget-heading\" data-id=\"580a43f\" data-element_type=\"widget\" data-e-type=\"widget\" data-widget_type=\"heading.default\">\n\t\t\t\t<div class=\"elementor-widget-container\">\n\t\t\t\t\t<h3 class=\"elementor-heading-title elementor-size-default\">Forfaits de services<\/h3>\t\t\t\t<\/div>\n\t\t\t\t<\/div>\n\t\t\t\t<div class=\"elementor-element elementor-element-1c848f2 elementor-widget elementor-widget-text-editor\" data-id=\"1c848f2\" data-element_type=\"widget\" data-e-type=\"widget\" data-widget_type=\"text-editor.default\">\n\t\t\t\t<div class=\"elementor-widget-container\">\n\t\t\t\t\t\t\t\t\t<p>La maintenance est importante pour assurer la continuit\u00e9 de l&#039;installation, mais repr\u00e9sente souvent une grande partie des co\u00fbts d&#039;exploitation. Mavitec propose divers packs de services qui minimisent les temps d&#039;arr\u00eat inutiles. Avec cela, vous pouvez augmenter la fiabilit\u00e9 op\u00e9rationnelle et obtenir un rendement maximal.<\/p>\t\t\t\t\t\t\t\t<\/div>\n\t\t\t\t<\/div>\n\t\t\t\t<div class=\"elementor-element elementor-element-472766c elementor-widget elementor-widget-heading\" data-id=\"472766c\" data-element_type=\"widget\" data-e-type=\"widget\" data-widget_type=\"heading.default\">\n\t\t\t\t<div class=\"elementor-widget-container\">\n\t\t\t\t\t<h3 class=\"elementor-heading-title elementor-size-default\">Avantages Mavitec Service<\/h3>\t\t\t\t<\/div>\n\t\t\t\t<\/div>\n\t\t\t\t<div class=\"elementor-element elementor-element-5f7264c elementor-widget elementor-widget-text-editor\" data-id=\"5f7264c\" data-element_type=\"widget\" data-e-type=\"widget\" data-widget_type=\"text-editor.default\">\n\t\t\t\t<div class=\"elementor-widget-container\">\n\t\t\t\t\t\t\t\t\t<ul><li>Disponibilit\u00e9 maximale<\/li><li>Capacit\u00e9 sup\u00e9rieure<\/li><li>Continuit\u00e9<\/li><li>Co\u00fbts d&#039;exploitation r\u00e9duits<\/li><li>Des produits finis de meilleure qualit\u00e9<\/li><li>B\u00e9n\u00e9fice plus \u00e9lev\u00e9<\/li><\/ul><p>Mavitec offre un service sur lequel vous pouvez compter.<\/p><p>Int\u00e9ress\u00e9 par un pack de services environnementaux Mavitec ?<\/p><p>N&#039;h\u00e9sitez pas \u00e0 nous contacter<\/p>\t\t\t\t\t\t\t\t<\/div>\n\t\t\t\t<\/div>\n\t\t\t\t<div data-dce-text-color=\"#7FB662\" class=\"elementor-element elementor-element-df51ad6 elementor-icon-list--layout-traditional elementor-list-item-link-full_width elementor-widget elementor-widget-icon-list\" data-id=\"df51ad6\" data-element_type=\"widget\" data-e-type=\"widget\" data-widget_type=\"icon-list.default\">\n\t\t\t\t<div class=\"elementor-widget-container\">\n\t\t\t\t\t\t\t<ul class=\"elementor-icon-list-items\">\n\t\t\t\t\t\t\t<li class=\"elementor-icon-list-item\">\n\t\t\t\t\t\t\t\t\t\t\t<a href=\"tel:+3172%20574%2059%2088\">\n\n\t\t\t\t\t\t\t\t\t\t\t<span class=\"elementor-icon-list-text\">+31 (0)72 574 59 88<\/span>\n\t\t\t\t\t\t\t\t\t\t\t<\/a>\n\t\t\t\t\t\t\t\t\t<\/li>\n\t\t\t\t\t\t\t\t<li class=\"elementor-icon-list-item\">\n\t\t\t\t\t\t\t\t\t\t\t<a href=\"mailto:service@mavitec.com\">\n\n\t\t\t\t\t\t\t\t\t\t\t<span class=\"elementor-icon-list-text\">service@mavitec.com<\/span>\n\t\t\t\t\t\t\t\t\t\t\t<\/a>\n\t\t\t\t\t\t\t\t\t<\/li>\n\t\t\t\t\t\t<\/ul>\n\t\t\t\t\t\t<\/div>\n\t\t\t\t<\/div>\n\t\t\t\t\t<\/div>\n\t\t<\/div>\n\t\t\t\t\t<\/div>\n\t\t<\/section>\n\t\t\t\t<\/div>","protected":false},"excerpt":{"rendered":"<p>Preventive maintenance &amp; process improvement Service &amp; Assistance Mavitec After Sales Service offers preventive maintenance and process optimization in order to minimize downtime, reduce overall costs and ensure the best quality end-products with a better turnover as a result. Our service engineers conduct inspections on a regular basis and provide a full report with findings [&hellip;]<\/p>\n","protected":false},"author":1,"featured_media":0,"parent":0,"menu_order":0,"comment_status":"closed","ping_status":"closed","template":"","meta":{"_acf_changed":false,"footnotes":""},"class_list":["post-2428","page","type-page","status-publish","hentry"],"acf":[],"_links":{"self":[{"href":"https:\/\/mavitecenvironmental.com\/fr\/wp-json\/wp\/v2\/pages\/2428","targetHints":{"allow":["GET"]}}],"collection":[{"href":"https:\/\/mavitecenvironmental.com\/fr\/wp-json\/wp\/v2\/pages"}],"about":[{"href":"https:\/\/mavitecenvironmental.com\/fr\/wp-json\/wp\/v2\/types\/page"}],"author":[{"embeddable":true,"href":"https:\/\/mavitecenvironmental.com\/fr\/wp-json\/wp\/v2\/users\/1"}],"replies":[{"embeddable":true,"href":"https:\/\/mavitecenvironmental.com\/fr\/wp-json\/wp\/v2\/comments?post=2428"}],"version-history":[{"count":4,"href":"https:\/\/mavitecenvironmental.com\/fr\/wp-json\/wp\/v2\/pages\/2428\/revisions"}],"predecessor-version":[{"id":4746,"href":"https:\/\/mavitecenvironmental.com\/fr\/wp-json\/wp\/v2\/pages\/2428\/revisions\/4746"}],"wp:attachment":[{"href":"https:\/\/mavitecenvironmental.com\/fr\/wp-json\/wp\/v2\/media?parent=2428"}],"curies":[{"name":"wp","href":"https:\/\/api.w.org\/{rel}","templated":true}]}}