{"id":2428,"date":"2021-07-01T10:00:09","date_gmt":"2021-07-01T08:00:09","guid":{"rendered":"http:\/\/mavitecenvironmental.com\/?page_id=2428"},"modified":"2022-03-21T10:12:33","modified_gmt":"2022-03-21T09:12:33","slug":"service","status":"publish","type":"page","link":"https:\/\/mavitecenvironmental.com\/es\/service\/","title":{"rendered":"Servicio"},"content":{"rendered":"<div data-elementor-type=\"wp-page\" data-elementor-id=\"2428\" class=\"elementor elementor-2428\" data-elementor-post-type=\"page\">\n\t\t\t\t\t\t<section data-dce-background-image-url=\"https:\/\/mavitecenvironmental.com\/wp-content\/uploads\/2021\/08\/asdfasdfjal.jpg\" class=\"elementor-section elementor-top-section elementor-element elementor-element-a7c1480 elementor-section-height-min-height elementor-section-boxed elementor-section-height-default elementor-section-items-middle\" data-id=\"a7c1480\" data-element_type=\"section\" data-e-type=\"section\" data-settings=\"{&quot;background_background&quot;:&quot;classic&quot;}\">\n\t\t\t\t\t\t<div class=\"elementor-container elementor-column-gap-default\">\n\t\t\t\t\t<div class=\"elementor-column elementor-col-100 elementor-top-column elementor-element elementor-element-cc969ef\" data-id=\"cc969ef\" data-element_type=\"column\" data-e-type=\"column\">\n\t\t\t<div class=\"elementor-widget-wrap elementor-element-populated\">\n\t\t\t\t\t\t<div class=\"elementor-element elementor-element-8585973 elementor-hidden-desktop elementor-hidden-tablet elementor-widget elementor-widget-heading\" data-id=\"8585973\" data-element_type=\"widget\" data-e-type=\"widget\" data-widget_type=\"heading.default\">\n\t\t\t\t<div class=\"elementor-widget-container\">\n\t\t\t\t\t<h2 class=\"elementor-heading-title elementor-size-default\">Servicio<\/h2>\t\t\t\t<\/div>\n\t\t\t\t<\/div>\n\t\t\t\t\t<\/div>\n\t\t<\/div>\n\t\t\t\t\t<\/div>\n\t\t<\/section>\n\t\t\t\t<section class=\"elementor-section elementor-top-section elementor-element elementor-element-64c6d9f elementor-hidden-phone elementor-section-boxed elementor-section-height-default elementor-section-height-default\" data-id=\"64c6d9f\" data-element_type=\"section\" data-e-type=\"section\">\n\t\t\t\t\t\t<div class=\"elementor-container elementor-column-gap-default\">\n\t\t\t\t\t<div class=\"elementor-column elementor-col-100 elementor-top-column elementor-element elementor-element-910d8bd\" data-id=\"910d8bd\" data-element_type=\"column\" data-e-type=\"column\">\n\t\t\t<div class=\"elementor-widget-wrap elementor-element-populated\">\n\t\t\t\t\t\t<div data-dce-title-color=\"#2E3532\" class=\"elementor-element elementor-element-0b040ff elementor-widget__width-auto elementor-widget elementor-widget-heading\" data-id=\"0b040ff\" data-element_type=\"widget\" data-e-type=\"widget\" data-widget_type=\"heading.default\">\n\t\t\t\t<div class=\"elementor-widget-container\">\n\t\t\t\t\t<h2 class=\"elementor-heading-title elementor-size-default\">Servicio<\/h2>\t\t\t\t<\/div>\n\t\t\t\t<\/div>\n\t\t\t\t\t<\/div>\n\t\t<\/div>\n\t\t\t\t\t<\/div>\n\t\t<\/section>\n\t\t\t\t<section class=\"elementor-section elementor-top-section elementor-element elementor-element-7da24b4 elementor-section-boxed elementor-section-height-default elementor-section-height-default\" data-id=\"7da24b4\" data-element_type=\"section\" data-e-type=\"section\">\n\t\t\t\t\t\t<div class=\"elementor-container elementor-column-gap-default\">\n\t\t\t\t\t<div class=\"elementor-column elementor-col-100 elementor-top-column elementor-element elementor-element-46adfa3\" data-id=\"46adfa3\" data-element_type=\"column\" data-e-type=\"column\">\n\t\t\t<div class=\"elementor-widget-wrap elementor-element-populated\">\n\t\t\t\t\t\t<div data-dce-title-color=\"#2E3532\" class=\"elementor-element elementor-element-a572f24 elementor-widget elementor-widget-heading\" data-id=\"a572f24\" data-element_type=\"widget\" data-e-type=\"widget\" data-widget_type=\"heading.default\">\n\t\t\t\t<div class=\"elementor-widget-container\">\n\t\t\t\t\t<h2 class=\"elementor-heading-title elementor-size-default\">Mantenimiento preventivo y mejora de procesos<\/h2>\t\t\t\t<\/div>\n\t\t\t\t<\/div>\n\t\t\t\t<div class=\"elementor-element elementor-element-20af738 elementor-widget elementor-widget-heading\" data-id=\"20af738\" data-element_type=\"widget\" data-e-type=\"widget\" data-widget_type=\"heading.default\">\n\t\t\t\t<div class=\"elementor-widget-container\">\n\t\t\t\t\t<h3 class=\"elementor-heading-title elementor-size-default\">Servicio y asistencia<\/h3>\t\t\t\t<\/div>\n\t\t\t\t<\/div>\n\t\t\t\t<div class=\"elementor-element elementor-element-4e4e916 elementor-widget elementor-widget-text-editor\" data-id=\"4e4e916\" data-element_type=\"widget\" data-e-type=\"widget\" data-widget_type=\"text-editor.default\">\n\t\t\t\t<div class=\"elementor-widget-container\">\n\t\t\t\t\t\t\t\t\t<p>El servicio posventa de Mavitec ofrece mantenimiento preventivo y optimizaci\u00f3n de procesos para minimizar el tiempo de inactividad, reducir los costos generales y garantizar productos finales de la mejor calidad con una mejor rotaci\u00f3n como resultado.<\/p><p>Nuestros ingenieros de servicio realizan inspecciones de manera regular y brindan un informe completo con hallazgos y recomendaciones. Combinamos un conocimiento profundo de los procesos y t\u00e9cnicas para lograr la mejora del proceso, la calidad \u00f3ptima del producto y la mayor eficiencia de la l\u00ednea.<\/p><p>Las ubicaciones de servicio en todo el mundo atienden a los clientes localmente y con poca anticipaci\u00f3n para garantizar un soporte r\u00e1pido, tiempos de viaje reducidos y soporte en los idiomas locales. Con d\u00e9cadas de experiencia en optimizaci\u00f3n de procesos, repuestos de m\u00e1quinas, revisi\u00f3n, revisiones y mejoras, podemos hacer que su planta sea m\u00e1s rentable.<\/p><p>Nuestros equipos de servicio tambi\u00e9n pueden ayudar con trabajos de instalaci\u00f3n y proyectos llave en mano.<\/p>\t\t\t\t\t\t\t\t<\/div>\n\t\t\t\t<\/div>\n\t\t\t\t<div class=\"elementor-element elementor-element-580a43f elementor-widget elementor-widget-heading\" data-id=\"580a43f\" data-element_type=\"widget\" data-e-type=\"widget\" data-widget_type=\"heading.default\">\n\t\t\t\t<div class=\"elementor-widget-container\">\n\t\t\t\t\t<h3 class=\"elementor-heading-title elementor-size-default\">Paquetes de servicios<\/h3>\t\t\t\t<\/div>\n\t\t\t\t<\/div>\n\t\t\t\t<div class=\"elementor-element elementor-element-1c848f2 elementor-widget elementor-widget-text-editor\" data-id=\"1c848f2\" data-element_type=\"widget\" data-e-type=\"widget\" data-widget_type=\"text-editor.default\">\n\t\t\t\t<div class=\"elementor-widget-container\">\n\t\t\t\t\t\t\t\t\t<p>El mantenimiento es importante para asegurar la continuidad de la instalaci\u00f3n, pero a menudo representa una gran parte de los costos operativos. Mavitec ofrece varios paquetes de servicios que minimizan el tiempo de inactividad innecesario. Con esto, puede aumentar la confiabilidad operativa y lograr el m\u00e1ximo rendimiento.<\/p>\t\t\t\t\t\t\t\t<\/div>\n\t\t\t\t<\/div>\n\t\t\t\t<div class=\"elementor-element elementor-element-472766c elementor-widget elementor-widget-heading\" data-id=\"472766c\" data-element_type=\"widget\" data-e-type=\"widget\" data-widget_type=\"heading.default\">\n\t\t\t\t<div class=\"elementor-widget-container\">\n\t\t\t\t\t<h3 class=\"elementor-heading-title elementor-size-default\">Ventajas del servicio Mavitec<\/h3>\t\t\t\t<\/div>\n\t\t\t\t<\/div>\n\t\t\t\t<div class=\"elementor-element elementor-element-5f7264c elementor-widget elementor-widget-text-editor\" data-id=\"5f7264c\" data-element_type=\"widget\" data-e-type=\"widget\" data-widget_type=\"text-editor.default\">\n\t\t\t\t<div class=\"elementor-widget-container\">\n\t\t\t\t\t\t\t\t\t<ul><li>M\u00e1ximo tiempo de actividad<\/li><li>Mayor capacidad<\/li><li>Continuidad<\/li><li>Menores costos operativos<\/li><li>Productos finales de mayor calidad<\/li><li>Mayor beneficio<\/li><\/ul><p>Mavitec ofrece un servicio en el que puede confiar.<\/p><p>\u00bfEst\u00e1 interesado en un paquete de servicios ambientales de Mavitec?<\/p><p>Si\u00e9ntete libre de contactarnos<\/p>\t\t\t\t\t\t\t\t<\/div>\n\t\t\t\t<\/div>\n\t\t\t\t<div data-dce-text-color=\"#7FB662\" class=\"elementor-element elementor-element-df51ad6 elementor-icon-list--layout-traditional elementor-list-item-link-full_width elementor-widget elementor-widget-icon-list\" data-id=\"df51ad6\" data-element_type=\"widget\" data-e-type=\"widget\" data-widget_type=\"icon-list.default\">\n\t\t\t\t<div class=\"elementor-widget-container\">\n\t\t\t\t\t\t\t<ul class=\"elementor-icon-list-items\">\n\t\t\t\t\t\t\t<li class=\"elementor-icon-list-item\">\n\t\t\t\t\t\t\t\t\t\t\t<a href=\"tel:+3172%20574%2059%2088\">\n\n\t\t\t\t\t\t\t\t\t\t\t<span class=\"elementor-icon-list-text\">+31 (0)72 574 59 88<\/span>\n\t\t\t\t\t\t\t\t\t\t\t<\/a>\n\t\t\t\t\t\t\t\t\t<\/li>\n\t\t\t\t\t\t\t\t<li class=\"elementor-icon-list-item\">\n\t\t\t\t\t\t\t\t\t\t\t<a href=\"mailto:service@mavitec.com\">\n\n\t\t\t\t\t\t\t\t\t\t\t<span class=\"elementor-icon-list-text\">service@mavitec.com<\/span>\n\t\t\t\t\t\t\t\t\t\t\t<\/a>\n\t\t\t\t\t\t\t\t\t<\/li>\n\t\t\t\t\t\t<\/ul>\n\t\t\t\t\t\t<\/div>\n\t\t\t\t<\/div>\n\t\t\t\t\t<\/div>\n\t\t<\/div>\n\t\t\t\t\t<\/div>\n\t\t<\/section>\n\t\t\t\t<\/div>","protected":false},"excerpt":{"rendered":"<p>Preventive maintenance &amp; process improvement Service &amp; Assistance Mavitec After Sales Service offers preventive maintenance and process optimization in order to minimize downtime, reduce overall costs and ensure the best quality end-products with a better turnover as a result. Our service engineers conduct inspections on a regular basis and provide a full report with findings [&hellip;]<\/p>\n","protected":false},"author":1,"featured_media":0,"parent":0,"menu_order":0,"comment_status":"closed","ping_status":"closed","template":"","meta":{"_acf_changed":false,"footnotes":""},"class_list":["post-2428","page","type-page","status-publish","hentry"],"acf":[],"_links":{"self":[{"href":"https:\/\/mavitecenvironmental.com\/es\/wp-json\/wp\/v2\/pages\/2428","targetHints":{"allow":["GET"]}}],"collection":[{"href":"https:\/\/mavitecenvironmental.com\/es\/wp-json\/wp\/v2\/pages"}],"about":[{"href":"https:\/\/mavitecenvironmental.com\/es\/wp-json\/wp\/v2\/types\/page"}],"author":[{"embeddable":true,"href":"https:\/\/mavitecenvironmental.com\/es\/wp-json\/wp\/v2\/users\/1"}],"replies":[{"embeddable":true,"href":"https:\/\/mavitecenvironmental.com\/es\/wp-json\/wp\/v2\/comments?post=2428"}],"version-history":[{"count":4,"href":"https:\/\/mavitecenvironmental.com\/es\/wp-json\/wp\/v2\/pages\/2428\/revisions"}],"predecessor-version":[{"id":4746,"href":"https:\/\/mavitecenvironmental.com\/es\/wp-json\/wp\/v2\/pages\/2428\/revisions\/4746"}],"wp:attachment":[{"href":"https:\/\/mavitecenvironmental.com\/es\/wp-json\/wp\/v2\/media?parent=2428"}],"curies":[{"name":"wp","href":"https:\/\/api.w.org\/{rel}","templated":true}]}}